{"id":38,"date":"2026-04-27T13:32:11","date_gmt":"2026-04-27T13:32:11","guid":{"rendered":"https:\/\/magistraturaonoraria.com\/?page_id=38"},"modified":"2026-04-27T13:32:11","modified_gmt":"2026-04-27T13:32:11","slug":"articolo-guida-breve","status":"publish","type":"page","link":"https:\/\/magistraturaonoraria.com\/?page_id=38","title":{"rendered":"Magistratura onoraria nel complesso"},"content":{"rendered":"\n<p>Premessa fondamentale per capire in concreto la categoria \u00e8 la differenza tra i magistrati: Togati rispondono all\u2019articolo 106 Costituzione Co.1, sono nominati per concorso pubblico, pertanto in senso tecnico-giuridico possono essere definiti dipendenti pubblici, a tempo indeterminato.<\/p>\n\n\n\n<p>Ogni 4 anni sono soggetti ad una valutazione di professionalit\u00e0, che in caso di esito positivo garantisce una progressione di carriera, con relativo aumento di stipendio, contributi previdenziali versati a carico dello stato e tutele piene. Operano in regime di esclusivit\u00e0, ovvero non possono svolgere altre professioni, secondo il principio di inamovibilit\u00e0 non possono essere trasferiti (se non per ragioni gravissime), Devono anche evitare attivit\u00e0 che possano compromettere i limiti di incompatibilit\u00e0 e imparzialit\u00e0, in quanto espressione della funzione giudiziaria. In sostanza, un magistrato togato deve restare completamente indipendente, senza svolgere attivit\u00e0 che possano interferire, anche solo in apparenza, con il suo ruolo.<\/p>\n\n\n\n<p>Inoltre, durante lo svolgimento della loro attivit\u00e0 e il rapporto di lavoro stesso, devono essere indipendenti, per tanto sono soggetti soltanto alla legge e nessun\u2019altra autorit\u00e0 pu\u00f2 imporsi sul loro operato, se non il Consiglio Superiore della Magistratura che \u00e8 responsabile per sanzioni disciplinari, carriera, ecc&#8230;<\/p>\n\n\n\n<p>Magistrati onorari, articolo 106 Costituzione Co. 2 il quale ammette la possibile nomina, anche elettiva, di magistrati onorari per tutte le funzioni attribuite a giudici singoli.<\/p>\n\n\n\n<p>Nomina elettiva significa, che vengono selezionati sulla base delle loro competenze ed esperienze, secondo modalit\u00e0 diverse rispetto alla magistratura togata, ovvero attraverso titoli o bandi specifici e sono attribuitegli tutte funzione del giudice singolo.<\/p>\n\n\n\n<p>Il loro incarico \u00e8 temporaneo ma rinnovabile per un periodo massimo, possono decadere dall\u2019incarico e prima delle ultime riforme il loro compenso era legato alla quantit\u00e0 di lavoro svolto (cottimo), ora in base alle nuove disposizioni, ricevono uno stipendio fisso, in base al regime di lavoro scelto e se stabilizzati, ovvero se assunti ante 2017 e non sono previsti avanzamenti di carriera.<\/p>\n\n\n\n<p>Gli onorari non sono legati al vincolo di esclusivit\u00e0 poich\u00e9 sono scelti tra avvocati e professionisti del settore, permettendogli di svolgere il lavoro di magistrato \u201cpart time\u201d, a patto che non svolgano la loro attivit\u00e0 professionale personale nei dintorni dello stesso circondario o tribunale dove prestano servizio come giudici.<\/p>\n\n\n\n<p>Storicamente privi di tutele, oggi grazie a pressioni dell&#8217;Unione Europea&nbsp;e nuove leggi nazionali, hanno ottenuto il diritto a ferie, previdenza e tutele per malattia e maternit\u00e0, sebbene con parametri radicalmente diversi dai togati<\/p>\n\n\n\n<p>In sintesi, estrema: per lo Stato il&nbsp;<strong>Togato<\/strong>&nbsp;\u00e8 un &#8220;investimento a vita&#8221; su cui punta per far funzionare la macchina; l&#8217;<strong>Onorario<\/strong>&nbsp;\u00e8 una &#8220;risorsa flessibile&#8221; usata per tappare i buchi di organico a costi ridotti.<\/p>\n\n\n\n<p>La categoria dei magistrati onorari \u00e8 composta da:<\/p>\n\n\n\n<ol class=\"wp-block-list\">\n<li>Giudici di pace, \u00c8 il giudice che si occupa delle cause pi\u00f9 semplici e di minore valore, come controversie civili dal valore contenuto, sanzioni amministrative e in generale reati meno gravi.<\/li>\n\n\n\n<li>Vice Procuratore Onorario, \u00c8 un magistrato che lavora nelle procure e rappresenta il pubblico ministero, sostiene l\u2019accusa nelle controversie pi\u00f9 semplici e partecipa alle udienze anche affiancando il PM con lavori preparatori e di indagine.<\/li>\n\n\n\n<li>Giudice Onorario del tribunale minorile, \u00c8 una figura particolare, perch\u00e9 non \u00e8 solo giurista. Possono essere psicologhi, educatori e neuropsichiatri che lavorano all\u2019interno dei tribunali per minorenni.<\/li>\n<\/ol>\n\n\n\n<p><\/p>\n","protected":false},"excerpt":{"rendered":"<p>Premessa fondamentale per capire in concreto la categoria \u00e8 la differenza tra i magistrati: Togati rispondono all\u2019articolo 106 Costituzione Co.1, sono nominati per concorso pubblico, pertanto in senso tecnico-giuridico possono essere definiti dipendenti pubblici, a tempo indeterminato. Ogni 4 anni sono soggetti ad una valutazione di professionalit\u00e0, che in caso di esito positivo garantisce una [&hellip;]<\/p>\n","protected":false},"author":1,"featured_media":0,"parent":0,"menu_order":0,"comment_status":"closed","ping_status":"closed","template":"","meta":{"footnotes":""},"class_list":["post-38","page","type-page","status-publish","hentry"],"_links":{"self":[{"href":"https:\/\/magistraturaonoraria.com\/index.php?rest_route=\/wp\/v2\/pages\/38","targetHints":{"allow":["GET"]}}],"collection":[{"href":"https:\/\/magistraturaonoraria.com\/index.php?rest_route=\/wp\/v2\/pages"}],"about":[{"href":"https:\/\/magistraturaonoraria.com\/index.php?rest_route=\/wp\/v2\/types\/page"}],"author":[{"embeddable":true,"href":"https:\/\/magistraturaonoraria.com\/index.php?rest_route=\/wp\/v2\/users\/1"}],"replies":[{"embeddable":true,"href":"https:\/\/magistraturaonoraria.com\/index.php?rest_route=%2Fwp%2Fv2%2Fcomments&post=38"}],"version-history":[{"count":1,"href":"https:\/\/magistraturaonoraria.com\/index.php?rest_route=\/wp\/v2\/pages\/38\/revisions"}],"predecessor-version":[{"id":39,"href":"https:\/\/magistraturaonoraria.com\/index.php?rest_route=\/wp\/v2\/pages\/38\/revisions\/39"}],"wp:attachment":[{"href":"https:\/\/magistraturaonoraria.com\/index.php?rest_route=%2Fwp%2Fv2%2Fmedia&parent=38"}],"curies":[{"name":"wp","href":"https:\/\/api.w.org\/{rel}","templated":true}]}}