{"id":2,"date":"2026-04-23T11:43:13","date_gmt":"2026-04-23T11:43:13","guid":{"rendered":"https:\/\/magistraturaonoraria.com\/?page_id=2"},"modified":"2026-04-23T16:06:39","modified_gmt":"2026-04-23T16:06:39","slug":"sample-page","status":"publish","type":"page","link":"https:\/\/magistraturaonoraria.com\/?page_id=2","title":{"rendered":"Chi siamo"},"content":{"rendered":"\n<p><em>Giustizia Onoraria<\/em> nasce come voce sindacale istituzionale della magistratura onoraria italiana, con l\u2019obiettivo di offrire uno spazio di informazione, analisi e confronto tecnico dedicato a una componente essenziale, ma ancora troppo spesso marginalizzata, del sistema giudiziario. La testata si propone di raccontare, con rigore e continuit\u00e0, l\u2019evoluzione normativa e giurisprudenziale che interessa la categoria, ponendo particolare attenzione alle trasformazioni del ruolo dei magistrati onorari e alle criticit\u00e0 che ne caratterizzano l\u2019inquadramento.<\/p>\n\n\n\n<p>Accanto alla funzione informativa, <em>Giustizia Onoraria<\/em> assume anche un ruolo attivo nel dibattito pubblico, contribuendo a dare visibilit\u00e0 alle istanze della categoria e a promuovere una riflessione consapevole sul funzionamento complessivo della giustizia italiana. In questo senso, la rivista si configura come uno strumento di rappresentanza e di sensibilizzazione, capace di mettere in luce il contributo concreto dei magistrati onorari all\u2019interno degli uffici giudiziari, anche in ambiti particolarmente delicati come quello minorile.<\/p>\n\n\n\n<p>Particolare rilievo \u00e8 attribuito ai profili giuslavoristici-sindacali e alle questioni legate al riconoscimento delle tutele, alla stabilit\u00e0 del rapporto e al principio di non discriminazione, anche alla luce delle pi\u00f9 recenti pronunzie della Corte di giustizia dell\u2019Unione europea. La testata si pone, dunque, come luogo di approfondimento critico e, al tempo stesso, come spazio di sostegno alle rivendicazioni della categoria, con l\u2019obiettivo di contribuire al percorso verso una piena stabilizzazione dei magistrati onorari e a un pi\u00f9 adeguato riconoscimento del loro ruolo all\u2019interno dell\u2019ordinamento giudiziario.<\/p>\n\n\n\n<p>In un contesto caratterizzato da riforme in evoluzione e da un crescente dibattito istituzionale, <em>Giustizia Onoraria<\/em> intende offrire una lettura attenta e consapevole delle dinamiche in atto, ponendosi come punto di riferimento per tutti coloro che operano, studiano o sono interessati al mondo della magistratura onoraria.<\/p>\n\n\n\n<p><\/p>\n\n\n\n<details class=\"wp-block-details is-layout-flow wp-block-details-is-layout-flow\"><summary>Direttore Responsabile Francesco Vallone<\/summary><\/details>\n\n\n\n<details class=\"wp-block-details is-layout-flow wp-block-details-is-layout-flow\"><summary>Vice Direttore Lorenzo Papa<\/summary>\n<p><\/p>\n<\/details>\n","protected":false},"excerpt":{"rendered":"<p>Giustizia Onoraria nasce come voce sindacale istituzionale della magistratura onoraria italiana, con l\u2019obiettivo di offrire uno spazio di informazione, analisi e confronto tecnico dedicato a una componente essenziale, ma ancora troppo spesso marginalizzata, del sistema giudiziario. La testata si propone di raccontare, con rigore e continuit\u00e0, l\u2019evoluzione normativa e giurisprudenziale che interessa la categoria, ponendo [&hellip;]<\/p>\n","protected":false},"author":1,"featured_media":0,"parent":0,"menu_order":0,"comment_status":"closed","ping_status":"open","template":"","meta":{"footnotes":""},"class_list":["post-2","page","type-page","status-publish","hentry"],"_links":{"self":[{"href":"https:\/\/magistraturaonoraria.com\/index.php?rest_route=\/wp\/v2\/pages\/2","targetHints":{"allow":["GET"]}}],"collection":[{"href":"https:\/\/magistraturaonoraria.com\/index.php?rest_route=\/wp\/v2\/pages"}],"about":[{"href":"https:\/\/magistraturaonoraria.com\/index.php?rest_route=\/wp\/v2\/types\/page"}],"author":[{"embeddable":true,"href":"https:\/\/magistraturaonoraria.com\/index.php?rest_route=\/wp\/v2\/users\/1"}],"replies":[{"embeddable":true,"href":"https:\/\/magistraturaonoraria.com\/index.php?rest_route=%2Fwp%2Fv2%2Fcomments&post=2"}],"version-history":[{"count":4,"href":"https:\/\/magistraturaonoraria.com\/index.php?rest_route=\/wp\/v2\/pages\/2\/revisions"}],"predecessor-version":[{"id":27,"href":"https:\/\/magistraturaonoraria.com\/index.php?rest_route=\/wp\/v2\/pages\/2\/revisions\/27"}],"wp:attachment":[{"href":"https:\/\/magistraturaonoraria.com\/index.php?rest_route=%2Fwp%2Fv2%2Fmedia&parent=2"}],"curies":[{"name":"wp","href":"https:\/\/api.w.org\/{rel}","templated":true}]}}