{"id":133,"date":"2026-05-08T18:57:36","date_gmt":"2026-05-08T18:57:36","guid":{"rendered":"https:\/\/magistraturaonoraria.com\/?page_id=133"},"modified":"2026-05-08T18:57:36","modified_gmt":"2026-05-08T18:57:36","slug":"per-una-giustizia-di-qualita-ed-esperienza","status":"publish","type":"page","link":"https:\/\/magistraturaonoraria.com\/?page_id=133","title":{"rendered":"Per una Giustizia di qualit\u00e0 ed esperienza"},"content":{"rendered":"\n<p>La giustizia non \u00e8 solo applicazione meccanica di regole: \u00e8 anche i<strong>nterpretazione, equilibrio e valori<\/strong>. Un algoritmo pu\u00f2 aiutare, ma non \u00e8 in grado di \u201ccomprendere\u201d davvero situazioni complesse come un essere umano.<\/p>\n\n\n\n<p>\u00a0Alcune Decisioni, specie quelle che <strong>incidono<\/strong> profondamente sulla vita delle persone, necessitano di un giudizio di qualit\u00e0 ed esperienza. In questo contesto i Magistrati Onorari- con particolare riferimento ai <strong>Giudici Onorari Minorili<\/strong> rappresentano un \u201cunicum\u201d nell\u2019attuale sistema Giudiziario, sia per la natura delle funzioni esercitate, sia per le modalit\u00e0 con cui partecipano all\u2019attivit\u00e0 giurisdizionale.<\/p>\n\n\n\n<p>La richiesta di stabilizzare i giudici onorari minorili nasce da un problema concreto: oggi svolgono un <strong>ruolo delicatissimo<\/strong> (minori, famiglie, adozioni, affidi) partecipando direttamente alla decisione, ma spesso in condizioni di <strong>precariato<\/strong> e di scarsa valorizzazione. <\/p>\n\n\n\n<p>Questo crea effetti negativi non solo per loro, ma anche per la qualit\u00e0 della giustizia e delle persone, specialmente quelle pi\u00f9 <strong>fragili.<\/strong><\/p>\n\n\n\n<p>L\u2019elemento distintivo risiede nella natura interdisciplinare del collegio, in cui la loro presenza favorisce l\u2019integrazione tra il sapere giuridico e competenze umane e sociali.<\/p>\n\n\n\n<p>&nbsp;Proprio tale centralit\u00e0, rende ancora pi\u00f9 evidente le conseguenze di una mancata stabilizzazione:<\/p>\n\n\n\n<ol class=\"wp-block-list\">\n<li><strong>Dispersione<\/strong> e perdita delle <strong>competenze<\/strong> specifiche<\/li>\n\n\n\n<li>Conseguente <strong>riduzione<\/strong> della <strong>qualit\u00e0<\/strong> multidisciplinare del giudizio<\/li>\n\n\n\n<li>\u00a0<strong>Turn over continuo <\/strong>con aumento dilazione tempi dei procedimenti e difficolt\u00e0 organizzative<\/li>\n<\/ol>\n\n\n\n<p>Al contrario un sistema con personale <strong>stabile:<\/strong><\/p>\n\n\n\n<ul class=\"wp-block-list\">\n<li>\u00e8 pi\u00f9 organizzato<\/li>\n\n\n\n<li>accumula esperienza operativa<\/li>\n\n\n\n<li>riduce errori e rallentamenti<\/li>\n<\/ul>\n\n\n\n<p>Alla luce delle nuove ipotesi di riforma del Rito Minorile &#8211; e del tribunale della Famiglia, la richiesta di stabilizzazione per i Giudici Onorari, non \u00e8 solo Sindacale ma strutturale al fine di:<\/p>\n\n\n\n<ol class=\"wp-block-list\">\n<li>sostenere la nuova giustizia minorile: il nuovo tribunale richiede figure esperte e stabili, in gradi di garantire la <strong>continuit\u00e0 nei casi<\/strong><\/li>\n\n\n\n<li>Per non perdere competenze multidisciplinari e garantire stabilit\u00e0 a professionisti psicologi, educatori, assistenti sociali e neuropsichiatri<\/li>\n\n\n\n<li>Evitare nuove condanne o procedure di infrazione da parte dell\u2019Unione Europea, rispettando gli standard europei<\/li>\n<\/ol>\n\n\n\n<p>La stabilizzazione dei giudici onorari minorili oggi non \u00e8 solo una richiesta di categoria, ma una questione di <strong>tenuta del sistema.<\/strong><\/p>\n\n\n\n<p>Senza una riforma adeguata il rischio di discontinuit\u00e0, inefficienza e perdita di competenze \u00e8 troppo alto.<\/p>\n\n\n\n<p>Allo stesso tempo una maggiore stabilit\u00e0 <strong>garantirebbe<\/strong> una inversione di tendenza rispetto ai rischi gi\u00e0 menzionati ed in oltre una maggiore credibilit\u00e0 e fiducia verso la giustizia in particolare quella minorile<\/p>\n\n\n\n<p>Dott.Avv.Lorenzo Papa<\/p>\n\n\n\n<p>Psicologo- Giudice Onorario Minorile- Tribunale Piemonte\/ Valle D\u2019Aosta<\/p>\n","protected":false},"excerpt":{"rendered":"<p>La giustizia non \u00e8 solo applicazione meccanica di regole: \u00e8 anche interpretazione, equilibrio e valori. Un algoritmo pu\u00f2 aiutare, ma non \u00e8 in grado di \u201ccomprendere\u201d davvero situazioni complesse come un essere umano. \u00a0Alcune Decisioni, specie quelle che incidono profondamente sulla vita delle persone, necessitano di un giudizio di qualit\u00e0 ed esperienza. In questo contesto [&hellip;]<\/p>\n","protected":false},"author":1,"featured_media":0,"parent":0,"menu_order":0,"comment_status":"closed","ping_status":"closed","template":"","meta":{"footnotes":""},"class_list":["post-133","page","type-page","status-publish","hentry"],"_links":{"self":[{"href":"https:\/\/magistraturaonoraria.com\/index.php?rest_route=\/wp\/v2\/pages\/133","targetHints":{"allow":["GET"]}}],"collection":[{"href":"https:\/\/magistraturaonoraria.com\/index.php?rest_route=\/wp\/v2\/pages"}],"about":[{"href":"https:\/\/magistraturaonoraria.com\/index.php?rest_route=\/wp\/v2\/types\/page"}],"author":[{"embeddable":true,"href":"https:\/\/magistraturaonoraria.com\/index.php?rest_route=\/wp\/v2\/users\/1"}],"replies":[{"embeddable":true,"href":"https:\/\/magistraturaonoraria.com\/index.php?rest_route=%2Fwp%2Fv2%2Fcomments&post=133"}],"version-history":[{"count":1,"href":"https:\/\/magistraturaonoraria.com\/index.php?rest_route=\/wp\/v2\/pages\/133\/revisions"}],"predecessor-version":[{"id":134,"href":"https:\/\/magistraturaonoraria.com\/index.php?rest_route=\/wp\/v2\/pages\/133\/revisions\/134"}],"wp:attachment":[{"href":"https:\/\/magistraturaonoraria.com\/index.php?rest_route=%2Fwp%2Fv2%2Fmedia&parent=133"}],"curies":[{"name":"wp","href":"https:\/\/api.w.org\/{rel}","templated":true}]}}